{"id":3934,"date":"2025-07-25T11:35:28","date_gmt":"2025-07-25T08:35:28","guid":{"rendered":"https:\/\/www.xn--hiiullekoda-ifb.ee\/toode\/hiiu-ollekoja-tuur\/"},"modified":"2026-02-10T12:54:53","modified_gmt":"2026-02-10T10:54:53","slug":"hiiu-ollekoja-tuur","status":"publish","type":"product","link":"https:\/\/www.xn--hiiullekoda-ifb.ee\/ru\/toode\/hiiu-ollekoja-tuur\/","title":{"rendered":"Hiiu \u00f5llekoja tuur"},"content":{"rendered":"<p>Hiiu \u00f5llekoja tuuri broneeringu toode<\/p>\n","protected":false},"excerpt":{"rendered":"<p>Hiiu \u00f5llekoja tuuri broneeringu toode<\/p>\n","protected":false},"featured_media":3915,"template":"","meta":[],"product_brand":[],"product_cat":[20],"product_tag":[],"class_list":{"0":"post-3934","1":"product","2":"type-product","3":"status-publish","4":"has-post-thumbnail","6":"product_cat-maaramata","8":"first","9":"instock","10":"virtual","11":"sold-individually","12":"taxable","13":"purchasable","14":"product-type-simple"},"yoast_head":"<!-- This site is optimized with the Yoast SEO plugin v27.2 - https:\/\/yoast.com\/product\/yoast-seo-wordpress\/ -->\n<title>Hiiu \u00f5llekoja tuur - Hiiu \u00d5lle Koda<\/title>\n<meta name=\"robots\" content=\"index, follow, max-snippet:-1, max-image-preview:large, max-video-preview:-1\" \/>\n<link rel=\"canonical\" href=\"https:\/\/www.xn--hiiullekoda-ifb.ee\/ru\/toode\/hiiu-ollekoja-tuur\/\" \/>\n<meta property=\"og:locale\" content=\"ru_RU\" \/>\n<meta property=\"og:type\" content=\"article\" \/>\n<meta property=\"og:title\" content=\"Hiiu \u00f5llekoja tuur - Hiiu \u00d5lle Koda\" \/>\n<meta property=\"og:description\" content=\"Hiiu \u00f5llekoja tuuri broneeringu toode\" \/>\n<meta property=\"og:url\" content=\"https:\/\/www.xn--hiiullekoda-ifb.ee\/ru\/toode\/hiiu-ollekoja-tuur\/\" \/>\n<meta property=\"og:site_name\" content=\"Hiiu \u00d5lle Koda\" \/>\n<meta property=\"article:modified_time\" content=\"2026-02-10T10:54:53+00:00\" \/>\n<meta property=\"og:image\" content=\"https:\/\/www.xn--hiiullekoda-ifb.ee\/wp-content\/uploads\/2025\/07\/hok_pilt-1.jpg\" \/>\n\t<meta property=\"og:image:width\" content=\"1440\" \/>\n\t<meta property=\"og:image:height\" content=\"415\" \/>\n\t<meta property=\"og:image:type\" content=\"image\/jpeg\" \/>\n<meta name=\"twitter:card\" content=\"summary_large_image\" \/>\n<script type=\"application\/ld+json\" class=\"yoast-schema-graph\">{\"@context\":\"https:\/\/schema.org\",\"@graph\":[{\"@type\":\"WebPage\",\"@id\":\"https:\/\/www.xn--hiiullekoda-ifb.ee\/ru\/toode\/hiiu-ollekoja-tuur\/\",\"url\":\"https:\/\/www.xn--hiiullekoda-ifb.ee\/ru\/toode\/hiiu-ollekoja-tuur\/\",\"name\":\"Hiiu \u00f5llekoja tuur - Hiiu \u00d5lle Koda\",\"isPartOf\":{\"@id\":\"https:\/\/www.xn--hiiullekoda-ifb.ee\/ru\/#website\"},\"primaryImageOfPage\":{\"@id\":\"https:\/\/www.xn--hiiullekoda-ifb.ee\/ru\/toode\/hiiu-ollekoja-tuur\/#primaryimage\"},\"image\":{\"@id\":\"https:\/\/www.xn--hiiullekoda-ifb.ee\/ru\/toode\/hiiu-ollekoja-tuur\/#primaryimage\"},\"thumbnailUrl\":\"https:\/\/www.xn--hiiullekoda-ifb.ee\/wp-content\/uploads\/2025\/07\/hok_pilt-1.jpg\",\"datePublished\":\"2025-07-25T08:35:28+00:00\",\"dateModified\":\"2026-02-10T10:54:53+00:00\",\"breadcrumb\":{\"@id\":\"https:\/\/www.xn--hiiullekoda-ifb.ee\/ru\/toode\/hiiu-ollekoja-tuur\/#breadcrumb\"},\"inLanguage\":\"ru-RU\",\"potentialAction\":[{\"@type\":\"ReadAction\",\"target\":[\"https:\/\/www.xn--hiiullekoda-ifb.ee\/ru\/toode\/hiiu-ollekoja-tuur\/\"]}]},{\"@type\":\"ImageObject\",\"inLanguage\":\"ru-RU\",\"@id\":\"https:\/\/www.xn--hiiullekoda-ifb.ee\/ru\/toode\/hiiu-ollekoja-tuur\/#primaryimage\",\"url\":\"https:\/\/www.xn--hiiullekoda-ifb.ee\/wp-content\/uploads\/2025\/07\/hok_pilt-1.jpg\",\"contentUrl\":\"https:\/\/www.xn--hiiullekoda-ifb.ee\/wp-content\/uploads\/2025\/07\/hok_pilt-1.jpg\",\"width\":1440,\"height\":415},{\"@type\":\"BreadcrumbList\",\"@id\":\"https:\/\/www.xn--hiiullekoda-ifb.ee\/ru\/toode\/hiiu-ollekoja-tuur\/#breadcrumb\",\"itemListElement\":[{\"@type\":\"ListItem\",\"position\":1,\"name\":\"Home\",\"item\":\"https:\/\/www.xn--hiiullekoda-ifb.ee\/ru\/\"},{\"@type\":\"ListItem\",\"position\":2,\"name\":\"\u041c\u0430\u0433\u0430\u0437\u0438\u043d\",\"item\":\"https:\/\/www.xn--hiiullekoda-ifb.ee\/ru\/magazin\/\"},{\"@type\":\"ListItem\",\"position\":3,\"name\":\"Hiiu \u00f5llekoja tuur\"}]},{\"@type\":\"WebSite\",\"@id\":\"https:\/\/www.xn--hiiullekoda-ifb.ee\/ru\/#website\",\"url\":\"https:\/\/www.xn--hiiullekoda-ifb.ee\/ru\/\",\"name\":\"Hiiu \u00d5lle Koda\",\"description\":\"\",\"publisher\":{\"@id\":\"https:\/\/www.xn--hiiullekoda-ifb.ee\/ru\/#organization\"},\"potentialAction\":[{\"@type\":\"SearchAction\",\"target\":{\"@type\":\"EntryPoint\",\"urlTemplate\":\"https:\/\/www.xn--hiiullekoda-ifb.ee\/ru\/?s={search_term_string}\"},\"query-input\":{\"@type\":\"PropertyValueSpecification\",\"valueRequired\":true,\"valueName\":\"search_term_string\"}}],\"inLanguage\":\"ru-RU\"},{\"@type\":\"Organization\",\"@id\":\"https:\/\/www.xn--hiiullekoda-ifb.ee\/ru\/#organization\",\"name\":\"Hiiu \u00d5lle Koda\",\"url\":\"https:\/\/www.xn--hiiullekoda-ifb.ee\/ru\/\",\"logo\":{\"@type\":\"ImageObject\",\"inLanguage\":\"ru-RU\",\"@id\":\"https:\/\/www.xn--hiiullekoda-ifb.ee\/ru\/#\/schema\/logo\/image\/\",\"url\":\"https:\/\/www.xn--hiiullekoda-ifb.ee\/wp-content\/uploads\/2022\/02\/logo.svg\",\"contentUrl\":\"https:\/\/www.xn--hiiullekoda-ifb.ee\/wp-content\/uploads\/2022\/02\/logo.svg\",\"width\":186,\"height\":125,\"caption\":\"Hiiu \u00d5lle Koda\"},\"image\":{\"@id\":\"https:\/\/www.xn--hiiullekoda-ifb.ee\/ru\/#\/schema\/logo\/image\/\"}}]}<\/script>\n<!-- \/ Yoast SEO plugin. -->","yoast_head_json":{"title":"Hiiu \u00f5llekoja tuur - Hiiu \u00d5lle Koda","robots":{"index":"index","follow":"follow","max-snippet":"max-snippet:-1","max-image-preview":"max-image-preview:large","max-video-preview":"max-video-preview:-1"},"canonical":"https:\/\/www.xn--hiiullekoda-ifb.ee\/ru\/toode\/hiiu-ollekoja-tuur\/","og_locale":"ru_RU","og_type":"article","og_title":"Hiiu \u00f5llekoja tuur - Hiiu \u00d5lle Koda","og_description":"Hiiu \u00f5llekoja tuuri broneeringu toode","og_url":"https:\/\/www.xn--hiiullekoda-ifb.ee\/ru\/toode\/hiiu-ollekoja-tuur\/","og_site_name":"Hiiu \u00d5lle Koda","article_modified_time":"2026-02-10T10:54:53+00:00","og_image":[{"width":1440,"height":415,"url":"https:\/\/www.xn--hiiullekoda-ifb.ee\/wp-content\/uploads\/2025\/07\/hok_pilt-1.jpg","type":"image\/jpeg"}],"twitter_card":"summary_large_image","schema":{"@context":"https:\/\/schema.org","@graph":[{"@type":"WebPage","@id":"https:\/\/www.xn--hiiullekoda-ifb.ee\/ru\/toode\/hiiu-ollekoja-tuur\/","url":"https:\/\/www.xn--hiiullekoda-ifb.ee\/ru\/toode\/hiiu-ollekoja-tuur\/","name":"Hiiu \u00f5llekoja tuur - Hiiu \u00d5lle Koda","isPartOf":{"@id":"https:\/\/www.xn--hiiullekoda-ifb.ee\/ru\/#website"},"primaryImageOfPage":{"@id":"https:\/\/www.xn--hiiullekoda-ifb.ee\/ru\/toode\/hiiu-ollekoja-tuur\/#primaryimage"},"image":{"@id":"https:\/\/www.xn--hiiullekoda-ifb.ee\/ru\/toode\/hiiu-ollekoja-tuur\/#primaryimage"},"thumbnailUrl":"https:\/\/www.xn--hiiullekoda-ifb.ee\/wp-content\/uploads\/2025\/07\/hok_pilt-1.jpg","datePublished":"2025-07-25T08:35:28+00:00","dateModified":"2026-02-10T10:54:53+00:00","breadcrumb":{"@id":"https:\/\/www.xn--hiiullekoda-ifb.ee\/ru\/toode\/hiiu-ollekoja-tuur\/#breadcrumb"},"inLanguage":"ru-RU","potentialAction":[{"@type":"ReadAction","target":["https:\/\/www.xn--hiiullekoda-ifb.ee\/ru\/toode\/hiiu-ollekoja-tuur\/"]}]},{"@type":"ImageObject","inLanguage":"ru-RU","@id":"https:\/\/www.xn--hiiullekoda-ifb.ee\/ru\/toode\/hiiu-ollekoja-tuur\/#primaryimage","url":"https:\/\/www.xn--hiiullekoda-ifb.ee\/wp-content\/uploads\/2025\/07\/hok_pilt-1.jpg","contentUrl":"https:\/\/www.xn--hiiullekoda-ifb.ee\/wp-content\/uploads\/2025\/07\/hok_pilt-1.jpg","width":1440,"height":415},{"@type":"BreadcrumbList","@id":"https:\/\/www.xn--hiiullekoda-ifb.ee\/ru\/toode\/hiiu-ollekoja-tuur\/#breadcrumb","itemListElement":[{"@type":"ListItem","position":1,"name":"Home","item":"https:\/\/www.xn--hiiullekoda-ifb.ee\/ru\/"},{"@type":"ListItem","position":2,"name":"\u041c\u0430\u0433\u0430\u0437\u0438\u043d","item":"https:\/\/www.xn--hiiullekoda-ifb.ee\/ru\/magazin\/"},{"@type":"ListItem","position":3,"name":"Hiiu \u00f5llekoja tuur"}]},{"@type":"WebSite","@id":"https:\/\/www.xn--hiiullekoda-ifb.ee\/ru\/#website","url":"https:\/\/www.xn--hiiullekoda-ifb.ee\/ru\/","name":"Hiiu \u00d5lle Koda","description":"","publisher":{"@id":"https:\/\/www.xn--hiiullekoda-ifb.ee\/ru\/#organization"},"potentialAction":[{"@type":"SearchAction","target":{"@type":"EntryPoint","urlTemplate":"https:\/\/www.xn--hiiullekoda-ifb.ee\/ru\/?s={search_term_string}"},"query-input":{"@type":"PropertyValueSpecification","valueRequired":true,"valueName":"search_term_string"}}],"inLanguage":"ru-RU"},{"@type":"Organization","@id":"https:\/\/www.xn--hiiullekoda-ifb.ee\/ru\/#organization","name":"Hiiu \u00d5lle Koda","url":"https:\/\/www.xn--hiiullekoda-ifb.ee\/ru\/","logo":{"@type":"ImageObject","inLanguage":"ru-RU","@id":"https:\/\/www.xn--hiiullekoda-ifb.ee\/ru\/#\/schema\/logo\/image\/","url":"https:\/\/www.xn--hiiullekoda-ifb.ee\/wp-content\/uploads\/2022\/02\/logo.svg","contentUrl":"https:\/\/www.xn--hiiullekoda-ifb.ee\/wp-content\/uploads\/2022\/02\/logo.svg","width":186,"height":125,"caption":"Hiiu \u00d5lle Koda"},"image":{"@id":"https:\/\/www.xn--hiiullekoda-ifb.ee\/ru\/#\/schema\/logo\/image\/"}}]}},"_links":{"self":[{"href":"https:\/\/www.xn--hiiullekoda-ifb.ee\/ru\/wp-json\/wp\/v2\/product\/3934","targetHints":{"allow":["GET"]}}],"collection":[{"href":"https:\/\/www.xn--hiiullekoda-ifb.ee\/ru\/wp-json\/wp\/v2\/product"}],"about":[{"href":"https:\/\/www.xn--hiiullekoda-ifb.ee\/ru\/wp-json\/wp\/v2\/types\/product"}],"wp:featuredmedia":[{"embeddable":true,"href":"https:\/\/www.xn--hiiullekoda-ifb.ee\/ru\/wp-json\/wp\/v2\/media\/3915"}],"wp:attachment":[{"href":"https:\/\/www.xn--hiiullekoda-ifb.ee\/ru\/wp-json\/wp\/v2\/media?parent=3934"}],"wp:term":[{"taxonomy":"product_brand","embeddable":true,"href":"https:\/\/www.xn--hiiullekoda-ifb.ee\/ru\/wp-json\/wp\/v2\/product_brand?post=3934"},{"taxonomy":"product_cat","embeddable":true,"href":"https:\/\/www.xn--hiiullekoda-ifb.ee\/ru\/wp-json\/wp\/v2\/product_cat?post=3934"},{"taxonomy":"product_tag","embeddable":true,"href":"https:\/\/www.xn--hiiullekoda-ifb.ee\/ru\/wp-json\/wp\/v2\/product_tag?post=3934"}],"curies":[{"name":"wp","href":"https:\/\/api.w.org\/{rel}","templated":true}]}}