{"id":744,"date":"2022-01-10T11:53:55","date_gmt":"2022-01-10T11:53:55","guid":{"rendered":"https:\/\/www.xn--hiiullekoda-ifb.ee\/?post_type=product&#038;p=744"},"modified":"2026-03-23T16:35:38","modified_gmt":"2026-03-23T14:35:38","slug":"kassari-ounasiider","status":"publish","type":"product","link":"https:\/\/www.xn--hiiullekoda-ifb.ee\/en\/toode\/kassari-ounasiider\/","title":{"rendered":"Kassari \u00d5unasiider"},"content":{"rendered":"<p><strong>0,33l alc 5,8%<\/strong><\/p>\n<p>Kassaris leidub juba ammustest aegadest niiv\u00f5rd palju \u00f5unapuid, et nende kokkulugemisel v\u00f5ib eksida tuhandetes kui mitte k\u00fcmnetes tuhandetes. Mahlateo aegu lasti juba vanadel aegadel osa \u00f5unamahlast k\u00e4\u00e4rima minna ja l\u00f6\u00f6di astjasse kinni tiksuma. Kuidas k\u00fclamehed seda jooki omavahel h\u00fc\u00fcdsid v\u00f5i kuidas see maitses, me ei tea aga t\u00e4nane \u201cKassari \u00d5unasiider\u201d on valmistatud &#8220;Vetsi Talli&#8221; k\u00f5rtsiaia \u00f5unasaagi mahlast, k\u00e4\u00e4ritatud ja mitmeid kuid laagerdatud kr\u00f5bekuivaks ilma lisaaineteta klaari maitsega \u00f5unasiidriks.<\/p>\n","protected":false},"excerpt":{"rendered":"<p><strong>0,33l alc 5,8%vol\u00a0 \u00a0 \u00a0Kuiv \u00f5unasiider, sisaldab sulfiteid<\/strong><\/p>\n","protected":false},"featured_media":4440,"template":"","meta":[],"product_brand":[],"product_cat":[42,43],"product_tag":[],"class_list":{"0":"post-744","1":"product","2":"type-product","3":"status-publish","4":"has-post-thumbnail","6":"product_cat-olled","7":"product_cat-siidrid","9":"first","10":"instock","11":"taxable","12":"shipping-taxable","13":"purchasable","14":"product-type-simple"},"yoast_head":"<!-- This site is optimized with the Yoast SEO plugin v27.2 - https:\/\/yoast.com\/product\/yoast-seo-wordpress\/ -->\n<title>Kassari \u00d5unasiider - Hiiu \u00d5lle Koda<\/title>\n<meta name=\"robots\" content=\"index, follow, max-snippet:-1, max-image-preview:large, max-video-preview:-1\" \/>\n<link rel=\"canonical\" href=\"https:\/\/www.xn--hiiullekoda-ifb.ee\/en\/toode\/kassari-ounasiider\/\" \/>\n<meta property=\"og:locale\" content=\"en_US\" \/>\n<meta property=\"og:type\" content=\"article\" \/>\n<meta property=\"og:title\" content=\"Kassari \u00d5unasiider - Hiiu \u00d5lle Koda\" \/>\n<meta property=\"og:description\" content=\"0,33l alc 5,8%vol\u00a0 \u00a0 \u00a0Kuiv \u00f5unasiider, sisaldab sulfiteid\" \/>\n<meta property=\"og:url\" content=\"https:\/\/www.xn--hiiullekoda-ifb.ee\/en\/toode\/kassari-ounasiider\/\" \/>\n<meta property=\"og:site_name\" content=\"Hiiu \u00d5lle Koda\" \/>\n<meta property=\"article:modified_time\" content=\"2026-03-23T14:35:38+00:00\" \/>\n<meta property=\"og:image\" content=\"https:\/\/www.xn--hiiullekoda-ifb.ee\/wp-content\/uploads\/2022\/01\/hiiuollekoda-ounasiider-reklaama45mmveeb.jpg\" \/>\n\t<meta property=\"og:image:width\" content=\"1000\" \/>\n\t<meta property=\"og:image:height\" content=\"1414\" \/>\n\t<meta property=\"og:image:type\" content=\"image\/jpeg\" \/>\n<meta name=\"twitter:card\" content=\"summary_large_image\" \/>\n<meta name=\"twitter:label1\" content=\"Est. reading time\" \/>\n\t<meta name=\"twitter:data1\" content=\"1 minute\" \/>\n<script type=\"application\/ld+json\" class=\"yoast-schema-graph\">{\"@context\":\"https:\/\/schema.org\",\"@graph\":[{\"@type\":\"WebPage\",\"@id\":\"https:\/\/www.xn--hiiullekoda-ifb.ee\/en\/toode\/kassari-ounasiider\/\",\"url\":\"https:\/\/www.xn--hiiullekoda-ifb.ee\/en\/toode\/kassari-ounasiider\/\",\"name\":\"Kassari \u00d5unasiider - Hiiu \u00d5lle Koda\",\"isPartOf\":{\"@id\":\"https:\/\/www.xn--hiiullekoda-ifb.ee\/en\/#website\"},\"primaryImageOfPage\":{\"@id\":\"https:\/\/www.xn--hiiullekoda-ifb.ee\/en\/toode\/kassari-ounasiider\/#primaryimage\"},\"image\":{\"@id\":\"https:\/\/www.xn--hiiullekoda-ifb.ee\/en\/toode\/kassari-ounasiider\/#primaryimage\"},\"thumbnailUrl\":\"https:\/\/www.xn--hiiullekoda-ifb.ee\/wp-content\/uploads\/2022\/01\/hiiuollekoda-ounasiider-reklaama45mmveeb.jpg\",\"datePublished\":\"2022-01-10T11:53:55+00:00\",\"dateModified\":\"2026-03-23T14:35:38+00:00\",\"breadcrumb\":{\"@id\":\"https:\/\/www.xn--hiiullekoda-ifb.ee\/en\/toode\/kassari-ounasiider\/#breadcrumb\"},\"inLanguage\":\"en-US\",\"potentialAction\":[{\"@type\":\"ReadAction\",\"target\":[\"https:\/\/www.xn--hiiullekoda-ifb.ee\/en\/toode\/kassari-ounasiider\/\"]}]},{\"@type\":\"ImageObject\",\"inLanguage\":\"en-US\",\"@id\":\"https:\/\/www.xn--hiiullekoda-ifb.ee\/en\/toode\/kassari-ounasiider\/#primaryimage\",\"url\":\"https:\/\/www.xn--hiiullekoda-ifb.ee\/wp-content\/uploads\/2022\/01\/hiiuollekoda-ounasiider-reklaama45mmveeb.jpg\",\"contentUrl\":\"https:\/\/www.xn--hiiullekoda-ifb.ee\/wp-content\/uploads\/2022\/01\/hiiuollekoda-ounasiider-reklaama45mmveeb.jpg\",\"width\":1000,\"height\":1414},{\"@type\":\"BreadcrumbList\",\"@id\":\"https:\/\/www.xn--hiiullekoda-ifb.ee\/en\/toode\/kassari-ounasiider\/#breadcrumb\",\"itemListElement\":[{\"@type\":\"ListItem\",\"position\":1,\"name\":\"Home\",\"item\":\"https:\/\/www.xn--hiiullekoda-ifb.ee\/en\/\"},{\"@type\":\"ListItem\",\"position\":2,\"name\":\"E-Shop\",\"item\":\"https:\/\/www.xn--hiiullekoda-ifb.ee\/en\/shop\/\"},{\"@type\":\"ListItem\",\"position\":3,\"name\":\"Kassari \u00d5unasiider\"}]},{\"@type\":\"WebSite\",\"@id\":\"https:\/\/www.xn--hiiullekoda-ifb.ee\/en\/#website\",\"url\":\"https:\/\/www.xn--hiiullekoda-ifb.ee\/en\/\",\"name\":\"Hiiu \u00d5lle Koda\",\"description\":\"\",\"publisher\":{\"@id\":\"https:\/\/www.xn--hiiullekoda-ifb.ee\/en\/#organization\"},\"potentialAction\":[{\"@type\":\"SearchAction\",\"target\":{\"@type\":\"EntryPoint\",\"urlTemplate\":\"https:\/\/www.xn--hiiullekoda-ifb.ee\/en\/?s={search_term_string}\"},\"query-input\":{\"@type\":\"PropertyValueSpecification\",\"valueRequired\":true,\"valueName\":\"search_term_string\"}}],\"inLanguage\":\"en-US\"},{\"@type\":\"Organization\",\"@id\":\"https:\/\/www.xn--hiiullekoda-ifb.ee\/en\/#organization\",\"name\":\"Hiiu \u00d5lle Koda\",\"url\":\"https:\/\/www.xn--hiiullekoda-ifb.ee\/en\/\",\"logo\":{\"@type\":\"ImageObject\",\"inLanguage\":\"en-US\",\"@id\":\"https:\/\/www.xn--hiiullekoda-ifb.ee\/en\/#\/schema\/logo\/image\/\",\"url\":\"https:\/\/www.xn--hiiullekoda-ifb.ee\/wp-content\/uploads\/2022\/02\/logo.svg\",\"contentUrl\":\"https:\/\/www.xn--hiiullekoda-ifb.ee\/wp-content\/uploads\/2022\/02\/logo.svg\",\"width\":186,\"height\":125,\"caption\":\"Hiiu \u00d5lle Koda\"},\"image\":{\"@id\":\"https:\/\/www.xn--hiiullekoda-ifb.ee\/en\/#\/schema\/logo\/image\/\"}}]}<\/script>\n<!-- \/ Yoast SEO plugin. -->","yoast_head_json":{"title":"Kassari \u00d5unasiider - Hiiu \u00d5lle Koda","robots":{"index":"index","follow":"follow","max-snippet":"max-snippet:-1","max-image-preview":"max-image-preview:large","max-video-preview":"max-video-preview:-1"},"canonical":"https:\/\/www.xn--hiiullekoda-ifb.ee\/en\/toode\/kassari-ounasiider\/","og_locale":"en_US","og_type":"article","og_title":"Kassari \u00d5unasiider - Hiiu \u00d5lle Koda","og_description":"0,33l alc 5,8%vol\u00a0 \u00a0 \u00a0Kuiv \u00f5unasiider, sisaldab sulfiteid","og_url":"https:\/\/www.xn--hiiullekoda-ifb.ee\/en\/toode\/kassari-ounasiider\/","og_site_name":"Hiiu \u00d5lle Koda","article_modified_time":"2026-03-23T14:35:38+00:00","og_image":[{"width":1000,"height":1414,"url":"https:\/\/www.xn--hiiullekoda-ifb.ee\/wp-content\/uploads\/2022\/01\/hiiuollekoda-ounasiider-reklaama45mmveeb.jpg","type":"image\/jpeg"}],"twitter_card":"summary_large_image","twitter_misc":{"Est. reading time":"1 minute"},"schema":{"@context":"https:\/\/schema.org","@graph":[{"@type":"WebPage","@id":"https:\/\/www.xn--hiiullekoda-ifb.ee\/en\/toode\/kassari-ounasiider\/","url":"https:\/\/www.xn--hiiullekoda-ifb.ee\/en\/toode\/kassari-ounasiider\/","name":"Kassari \u00d5unasiider - Hiiu \u00d5lle Koda","isPartOf":{"@id":"https:\/\/www.xn--hiiullekoda-ifb.ee\/en\/#website"},"primaryImageOfPage":{"@id":"https:\/\/www.xn--hiiullekoda-ifb.ee\/en\/toode\/kassari-ounasiider\/#primaryimage"},"image":{"@id":"https:\/\/www.xn--hiiullekoda-ifb.ee\/en\/toode\/kassari-ounasiider\/#primaryimage"},"thumbnailUrl":"https:\/\/www.xn--hiiullekoda-ifb.ee\/wp-content\/uploads\/2022\/01\/hiiuollekoda-ounasiider-reklaama45mmveeb.jpg","datePublished":"2022-01-10T11:53:55+00:00","dateModified":"2026-03-23T14:35:38+00:00","breadcrumb":{"@id":"https:\/\/www.xn--hiiullekoda-ifb.ee\/en\/toode\/kassari-ounasiider\/#breadcrumb"},"inLanguage":"en-US","potentialAction":[{"@type":"ReadAction","target":["https:\/\/www.xn--hiiullekoda-ifb.ee\/en\/toode\/kassari-ounasiider\/"]}]},{"@type":"ImageObject","inLanguage":"en-US","@id":"https:\/\/www.xn--hiiullekoda-ifb.ee\/en\/toode\/kassari-ounasiider\/#primaryimage","url":"https:\/\/www.xn--hiiullekoda-ifb.ee\/wp-content\/uploads\/2022\/01\/hiiuollekoda-ounasiider-reklaama45mmveeb.jpg","contentUrl":"https:\/\/www.xn--hiiullekoda-ifb.ee\/wp-content\/uploads\/2022\/01\/hiiuollekoda-ounasiider-reklaama45mmveeb.jpg","width":1000,"height":1414},{"@type":"BreadcrumbList","@id":"https:\/\/www.xn--hiiullekoda-ifb.ee\/en\/toode\/kassari-ounasiider\/#breadcrumb","itemListElement":[{"@type":"ListItem","position":1,"name":"Home","item":"https:\/\/www.xn--hiiullekoda-ifb.ee\/en\/"},{"@type":"ListItem","position":2,"name":"E-Shop","item":"https:\/\/www.xn--hiiullekoda-ifb.ee\/en\/shop\/"},{"@type":"ListItem","position":3,"name":"Kassari \u00d5unasiider"}]},{"@type":"WebSite","@id":"https:\/\/www.xn--hiiullekoda-ifb.ee\/en\/#website","url":"https:\/\/www.xn--hiiullekoda-ifb.ee\/en\/","name":"Hiiu \u00d5lle Koda","description":"","publisher":{"@id":"https:\/\/www.xn--hiiullekoda-ifb.ee\/en\/#organization"},"potentialAction":[{"@type":"SearchAction","target":{"@type":"EntryPoint","urlTemplate":"https:\/\/www.xn--hiiullekoda-ifb.ee\/en\/?s={search_term_string}"},"query-input":{"@type":"PropertyValueSpecification","valueRequired":true,"valueName":"search_term_string"}}],"inLanguage":"en-US"},{"@type":"Organization","@id":"https:\/\/www.xn--hiiullekoda-ifb.ee\/en\/#organization","name":"Hiiu \u00d5lle Koda","url":"https:\/\/www.xn--hiiullekoda-ifb.ee\/en\/","logo":{"@type":"ImageObject","inLanguage":"en-US","@id":"https:\/\/www.xn--hiiullekoda-ifb.ee\/en\/#\/schema\/logo\/image\/","url":"https:\/\/www.xn--hiiullekoda-ifb.ee\/wp-content\/uploads\/2022\/02\/logo.svg","contentUrl":"https:\/\/www.xn--hiiullekoda-ifb.ee\/wp-content\/uploads\/2022\/02\/logo.svg","width":186,"height":125,"caption":"Hiiu \u00d5lle Koda"},"image":{"@id":"https:\/\/www.xn--hiiullekoda-ifb.ee\/en\/#\/schema\/logo\/image\/"}}]}},"_links":{"self":[{"href":"https:\/\/www.xn--hiiullekoda-ifb.ee\/en\/wp-json\/wp\/v2\/product\/744","targetHints":{"allow":["GET"]}}],"collection":[{"href":"https:\/\/www.xn--hiiullekoda-ifb.ee\/en\/wp-json\/wp\/v2\/product"}],"about":[{"href":"https:\/\/www.xn--hiiullekoda-ifb.ee\/en\/wp-json\/wp\/v2\/types\/product"}],"wp:featuredmedia":[{"embeddable":true,"href":"https:\/\/www.xn--hiiullekoda-ifb.ee\/en\/wp-json\/wp\/v2\/media\/4440"}],"wp:attachment":[{"href":"https:\/\/www.xn--hiiullekoda-ifb.ee\/en\/wp-json\/wp\/v2\/media?parent=744"}],"wp:term":[{"taxonomy":"product_brand","embeddable":true,"href":"https:\/\/www.xn--hiiullekoda-ifb.ee\/en\/wp-json\/wp\/v2\/product_brand?post=744"},{"taxonomy":"product_cat","embeddable":true,"href":"https:\/\/www.xn--hiiullekoda-ifb.ee\/en\/wp-json\/wp\/v2\/product_cat?post=744"},{"taxonomy":"product_tag","embeddable":true,"href":"https:\/\/www.xn--hiiullekoda-ifb.ee\/en\/wp-json\/wp\/v2\/product_tag?post=744"}],"curies":[{"name":"wp","href":"https:\/\/api.w.org\/{rel}","templated":true}]}}