{"id":2847,"date":"2022-01-03T12:07:56","date_gmt":"2022-01-03T10:07:56","guid":{"rendered":"https:\/\/www.xn--hiiullekoda-ifb.ee\/privacy-policy\/"},"modified":"2022-03-25T08:43:47","modified_gmt":"2022-03-25T06:43:47","slug":"privacy-policy","status":"publish","type":"page","link":"https:\/\/www.xn--hiiullekoda-ifb.ee\/en\/privacy-policy\/","title":{"rendered":"Privacy Policy"},"content":{"rendered":"\t\t<div data-elementor-type=\"wp-page\" data-elementor-id=\"2847\" class=\"elementor elementor-2847 elementor-3\" data-elementor-post-type=\"page\">\n\t\t\t\t\t\t<section class=\"elementor-section elementor-top-section elementor-element elementor-element-3fba6847 elementor-section-boxed elementor-section-height-default elementor-section-height-default\" data-id=\"3fba6847\" data-element_type=\"section\" data-e-type=\"section\" data-settings=\"{&quot;background_background&quot;:&quot;classic&quot;}\">\n\t\t\t\t\t\t<div class=\"elementor-container elementor-column-gap-default\">\n\t\t\t\t\t<div class=\"elementor-column elementor-col-100 elementor-top-column elementor-element elementor-element-e2e02bf\" data-id=\"e2e02bf\" data-element_type=\"column\" data-e-type=\"column\">\n\t\t\t<div class=\"elementor-widget-wrap elementor-element-populated\">\n\t\t\t\t\t\t<div class=\"elementor-element elementor-element-479a450 elementor-widget elementor-widget-heading\" data-id=\"479a450\" data-element_type=\"widget\" data-e-type=\"widget\" data-widget_type=\"heading.default\">\n\t\t\t\t<div class=\"elementor-widget-container\">\n\t\t\t\t\t<h2 class=\"elementor-heading-title elementor-size-default\">PRIVACY POLICY<\/h2>\t\t\t\t<\/div>\n\t\t\t\t<\/div>\n\t\t\t\t<div class=\"elementor-element elementor-element-277abf0c elementor-widget elementor-widget-text-editor\" data-id=\"277abf0c\" data-element_type=\"widget\" data-e-type=\"widget\" data-widget_type=\"text-editor.default\">\n\t\t\t\t<div class=\"elementor-widget-container\">\n\t\t\t\t\t\t\t\t\t\r\n<p>The chief processor of personal data of the online store hiiu\u00f5llekoda.ee is Kassariotsa O\u00dc (10819576) located in Tammetalu, Kassari village, Hiiumaa parish, 92111; \u00a0<a href=\"mailto:info@hiiu\u00f5llekoda.ee\">info@hiiu\u00f5llekoda.ee<\/a>.<\/p>\r\n\r\n<p><strong>What personal data is processed<\/strong><\/p>\r\n\r\n<p>&#8211;\u00a0\u00a0\u00a0\u00a0\u00a0 name, telephone number and e-mail address;<br \/>&#8211;\u00a0\u00a0\u00a0\u00a0\u00a0 delivery address;<br \/>&#8211;\u00a0\u00a0\u00a0\u00a0\u00a0 bank account number;<br \/>&#8211;\u00a0\u00a0\u00a0\u00a0\u00a0 cost of goods and services and data related to payments (purchase history);<br \/>&#8211;\u00a0\u00a0\u00a0\u00a0\u00a0 customer support information.\u00a0<\/p>\r\n\r\n<p><strong>For what purpose is personal data processed?<\/strong><\/p>\r\n\r\n<p>Personal data is used to manage customer orders and deliver goods. Purchase history data (purchase date, goods, quantity, customer data) is used to compile an overview of purchased goods and services and to analyze customer preferences. The bank account number is used to return payments to the customer. Personal data, such as e-mail, telephone number, customer name, is processed to resolve issues related to the provision of goods and services (customer support). The IP address or other network identifiers of the online store user are processed to provide the online store as an information society service and to compile online usage statistics.<\/p>\r\n\r\n<p><strong>Legal basis<\/strong><\/p>\r\n\r\n<p>The processing of personal data takes place for the purpose of fulfilling the contract entered into with the customer. The processing of personal data is carried out in order to fulfill a legal obligation (eg accounting and settlement of consumer disputes).<\/p>\r\n\r\n<p><strong>Recipients to whom personal data are transmitted<\/strong><\/p>\r\n\r\n<p>Kassariotsa Osa\u00fching is the chief processor of personal data, the company forwards the personal data necessary for making payments to the authorized processor Maksekeskus AS. Personal information is passed on to the online store&#8217;s customer support to manage purchases and purchase history and to resolve customer issues. The name, telephone number and e-mail address will be forwarded to the transport service provider chosen by the customer. In the case of goods delivered by courier, the customer&#8217;s address will be provided in addition to the contact details.<\/p>\r\n\r\n<p><strong>Security and access to data<\/strong><\/p>\r\n\r\n<p>Personal data is stored on the servers of Zone Media O\u00dc, which are located in the territory of a Member State of the European Union or countries that have joined the European Economic Area. The data may be transferred to countries whose level of data protection has been assessed as adequate by the European Commission and to US companies that are affiliated to the Privacy Shield framework service.<\/p>\r\n\r\n<p>The Online Store implements appropriate physical, organizational and IT security measures to protect personal data from accidental or unlawful destruction, loss, alteration or unauthorized access and disclosure.<\/p>\r\n\r\n<p>The transfer of personal data to the authorized processors of the online store (eg transport service provider and data hosting) takes place on the basis of agreements concluded with the online store and the authorized processors. Authorized processors are required to ensure appropriate safeguards for the processing of personal data.<\/p>\r\n\r\n<p><strong>Access to and correction of personal data<\/strong><\/p>\r\n\r\n<p>Personal data can be accessed and corrections made to the user profile of the online store. If the purchase has been made without a user account, personal data can be accessed via klint support.<\/p>\r\n\r\n<p><strong>Withdrawal of consent<\/strong><\/p>\r\n\r\n<p>If the processing of personal data takes place on the basis of the customer&#8217;s consent, the customer has the right to withdraw the consent by notifying the customer support by e-mail.<\/p>\r\n\r\n<p><strong>Preservation<\/strong><\/p>\r\n\r\n<p>Upon closing the customer account of the online store, personal data will be deleted, unless such data needs to be kept for accounting or resolving consumer disputes. The personal data required for accounting purposes shall be kept for seven years.<\/p>\r\n\r\n<p><strong>Deletion<\/strong><\/p>\r\n\r\n<p>To delete personal information, contact customer support via email. A request for erasure shall be answered within a month at the latest and the period for erasure shall be specified.<\/p>\r\n\r\n<p><strong>Transfer<\/strong><\/p>\r\n\r\n<p>A request for the transfer of personal data submitted by e-mail will be answered within a month at the latest. Customer support identifies and notifies you of personal information that is subject to transfer.<\/p>\r\n\r\n<p><strong>Direct marketing announcements<\/strong><\/p>\r\n\r\n<p>The e-mail address and telephone number will be used to send direct marketing communications if the customer has given their consent. If the customer does not wish to receive direct marketing communications, please select the appropriate link in the email footer or contact customer support.<\/p>\r\n\r\n<p>If personal data is processed for direct marketing purposes (profiling), the customer has the right to object at any time to the initial and further processing of his personal data, including profiling related to direct marketing, by notifying customer support by e-mail.<\/p>\r\n\r\n<p><strong>Solving arguments<\/strong><\/p>\r\n\r\n<p>Disputes related to the processing of personal data are resolved through customer support <a href=\"mailto:info@hiiu\u00f5llekoda.ee\">info@hiiu\u00f5llekoda.ee<\/a>. The supervisory authority is the Estonian Data Protection Inspectorate (info@aki.ee).<\/p>\r\n\t\t\t\t\t\t\t\t<\/div>\n\t\t\t\t<\/div>\n\t\t\t\t\t<\/div>\n\t\t<\/div>\n\t\t\t\t\t<\/div>\n\t\t<\/section>\n\t\t\t\t<\/div>\n\t\t","protected":false},"excerpt":{"rendered":"<p>PRIVACY POLICY The chief processor of personal data of the online store hiiu\u00f5llekoda.ee is Kassariotsa O\u00dc (10819576) located in Tammetalu, Kassari village, Hiiumaa parish, 92111; \u00a0info@hiiu\u00f5llekoda.ee. What personal data is processed &#8211;\u00a0\u00a0\u00a0\u00a0\u00a0 name, telephone number and e-mail address;&#8211;\u00a0\u00a0\u00a0\u00a0\u00a0 delivery address;&#8211;\u00a0\u00a0\u00a0\u00a0\u00a0 bank account number;&#8211;\u00a0\u00a0\u00a0\u00a0\u00a0 cost of goods and services and data related to payments (purchase history);&#8211;\u00a0\u00a0\u00a0\u00a0\u00a0 [&hellip;]<\/p>\n","protected":false},"author":1,"featured_media":0,"parent":0,"menu_order":0,"comment_status":"closed","ping_status":"open","template":"","meta":{"footnotes":""},"class_list":["post-2847","page","type-page","status-publish","hentry"],"yoast_head":"<!-- This site is optimized with the Yoast SEO plugin v27.2 - https:\/\/yoast.com\/product\/yoast-seo-wordpress\/ -->\n<title>Privacy Policy - Hiiu \u00d5lle Koda<\/title>\n<meta name=\"robots\" content=\"index, follow, max-snippet:-1, max-image-preview:large, max-video-preview:-1\" \/>\n<link rel=\"canonical\" href=\"https:\/\/www.xn--hiiullekoda-ifb.ee\/en\/privacy-policy\/\" \/>\n<meta property=\"og:locale\" content=\"en_US\" \/>\n<meta property=\"og:type\" content=\"article\" \/>\n<meta property=\"og:title\" content=\"Privacy Policy - Hiiu \u00d5lle Koda\" \/>\n<meta property=\"og:description\" content=\"PRIVACY POLICY The chief processor of personal data of the online store hiiu\u00f5llekoda.ee is Kassariotsa O\u00dc (10819576) located in Tammetalu, Kassari village, Hiiumaa parish, 92111; \u00a0info@hiiu\u00f5llekoda.ee. What personal data is processed &#8211;\u00a0\u00a0\u00a0\u00a0\u00a0 name, telephone number and e-mail address;&#8211;\u00a0\u00a0\u00a0\u00a0\u00a0 delivery address;&#8211;\u00a0\u00a0\u00a0\u00a0\u00a0 bank account number;&#8211;\u00a0\u00a0\u00a0\u00a0\u00a0 cost of goods and services and data related to payments (purchase history);&#8211;\u00a0\u00a0\u00a0\u00a0\u00a0 [&hellip;]\" \/>\n<meta property=\"og:url\" content=\"https:\/\/www.xn--hiiullekoda-ifb.ee\/en\/privacy-policy\/\" \/>\n<meta property=\"og:site_name\" content=\"Hiiu \u00d5lle Koda\" \/>\n<meta property=\"article:modified_time\" content=\"2022-03-25T06:43:47+00:00\" \/>\n<meta name=\"twitter:card\" content=\"summary_large_image\" \/>\n<meta name=\"twitter:label1\" content=\"Est. reading time\" \/>\n\t<meta name=\"twitter:data1\" content=\"4 minutes\" \/>\n<script type=\"application\/ld+json\" class=\"yoast-schema-graph\">{\"@context\":\"https:\/\/schema.org\",\"@graph\":[{\"@type\":\"WebPage\",\"@id\":\"https:\/\/www.xn--hiiullekoda-ifb.ee\/en\/privacy-policy\/\",\"url\":\"https:\/\/www.xn--hiiullekoda-ifb.ee\/en\/privacy-policy\/\",\"name\":\"Privacy Policy - Hiiu \u00d5lle Koda\",\"isPartOf\":{\"@id\":\"https:\/\/www.xn--hiiullekoda-ifb.ee\/en\/#website\"},\"datePublished\":\"2022-01-03T10:07:56+00:00\",\"dateModified\":\"2022-03-25T06:43:47+00:00\",\"breadcrumb\":{\"@id\":\"https:\/\/www.xn--hiiullekoda-ifb.ee\/en\/privacy-policy\/#breadcrumb\"},\"inLanguage\":\"en-US\",\"potentialAction\":[{\"@type\":\"ReadAction\",\"target\":[\"https:\/\/www.xn--hiiullekoda-ifb.ee\/en\/privacy-policy\/\"]}]},{\"@type\":\"BreadcrumbList\",\"@id\":\"https:\/\/www.xn--hiiullekoda-ifb.ee\/en\/privacy-policy\/#breadcrumb\",\"itemListElement\":[{\"@type\":\"ListItem\",\"position\":1,\"name\":\"Home\",\"item\":\"https:\/\/www.xn--hiiullekoda-ifb.ee\/en\/\"},{\"@type\":\"ListItem\",\"position\":2,\"name\":\"Privacy Policy\"}]},{\"@type\":\"WebSite\",\"@id\":\"https:\/\/www.xn--hiiullekoda-ifb.ee\/en\/#website\",\"url\":\"https:\/\/www.xn--hiiullekoda-ifb.ee\/en\/\",\"name\":\"Hiiu \u00d5lle Koda\",\"description\":\"\",\"publisher\":{\"@id\":\"https:\/\/www.xn--hiiullekoda-ifb.ee\/en\/#organization\"},\"potentialAction\":[{\"@type\":\"SearchAction\",\"target\":{\"@type\":\"EntryPoint\",\"urlTemplate\":\"https:\/\/www.xn--hiiullekoda-ifb.ee\/en\/?s={search_term_string}\"},\"query-input\":{\"@type\":\"PropertyValueSpecification\",\"valueRequired\":true,\"valueName\":\"search_term_string\"}}],\"inLanguage\":\"en-US\"},{\"@type\":\"Organization\",\"@id\":\"https:\/\/www.xn--hiiullekoda-ifb.ee\/en\/#organization\",\"name\":\"Hiiu \u00d5lle Koda\",\"url\":\"https:\/\/www.xn--hiiullekoda-ifb.ee\/en\/\",\"logo\":{\"@type\":\"ImageObject\",\"inLanguage\":\"en-US\",\"@id\":\"https:\/\/www.xn--hiiullekoda-ifb.ee\/en\/#\/schema\/logo\/image\/\",\"url\":\"https:\/\/www.xn--hiiullekoda-ifb.ee\/wp-content\/uploads\/2022\/02\/logo.svg\",\"contentUrl\":\"https:\/\/www.xn--hiiullekoda-ifb.ee\/wp-content\/uploads\/2022\/02\/logo.svg\",\"width\":186,\"height\":125,\"caption\":\"Hiiu \u00d5lle Koda\"},\"image\":{\"@id\":\"https:\/\/www.xn--hiiullekoda-ifb.ee\/en\/#\/schema\/logo\/image\/\"}}]}<\/script>\n<!-- \/ Yoast SEO plugin. -->","yoast_head_json":{"title":"Privacy Policy - Hiiu \u00d5lle Koda","robots":{"index":"index","follow":"follow","max-snippet":"max-snippet:-1","max-image-preview":"max-image-preview:large","max-video-preview":"max-video-preview:-1"},"canonical":"https:\/\/www.xn--hiiullekoda-ifb.ee\/en\/privacy-policy\/","og_locale":"en_US","og_type":"article","og_title":"Privacy Policy - Hiiu \u00d5lle Koda","og_description":"PRIVACY POLICY The chief processor of personal data of the online store hiiu\u00f5llekoda.ee is Kassariotsa O\u00dc (10819576) located in Tammetalu, Kassari village, Hiiumaa parish, 92111; \u00a0info@hiiu\u00f5llekoda.ee. What personal data is processed &#8211;\u00a0\u00a0\u00a0\u00a0\u00a0 name, telephone number and e-mail address;&#8211;\u00a0\u00a0\u00a0\u00a0\u00a0 delivery address;&#8211;\u00a0\u00a0\u00a0\u00a0\u00a0 bank account number;&#8211;\u00a0\u00a0\u00a0\u00a0\u00a0 cost of goods and services and data related to payments (purchase history);&#8211;\u00a0\u00a0\u00a0\u00a0\u00a0 [&hellip;]","og_url":"https:\/\/www.xn--hiiullekoda-ifb.ee\/en\/privacy-policy\/","og_site_name":"Hiiu \u00d5lle Koda","article_modified_time":"2022-03-25T06:43:47+00:00","twitter_card":"summary_large_image","twitter_misc":{"Est. reading time":"4 minutes"},"schema":{"@context":"https:\/\/schema.org","@graph":[{"@type":"WebPage","@id":"https:\/\/www.xn--hiiullekoda-ifb.ee\/en\/privacy-policy\/","url":"https:\/\/www.xn--hiiullekoda-ifb.ee\/en\/privacy-policy\/","name":"Privacy Policy - Hiiu \u00d5lle Koda","isPartOf":{"@id":"https:\/\/www.xn--hiiullekoda-ifb.ee\/en\/#website"},"datePublished":"2022-01-03T10:07:56+00:00","dateModified":"2022-03-25T06:43:47+00:00","breadcrumb":{"@id":"https:\/\/www.xn--hiiullekoda-ifb.ee\/en\/privacy-policy\/#breadcrumb"},"inLanguage":"en-US","potentialAction":[{"@type":"ReadAction","target":["https:\/\/www.xn--hiiullekoda-ifb.ee\/en\/privacy-policy\/"]}]},{"@type":"BreadcrumbList","@id":"https:\/\/www.xn--hiiullekoda-ifb.ee\/en\/privacy-policy\/#breadcrumb","itemListElement":[{"@type":"ListItem","position":1,"name":"Home","item":"https:\/\/www.xn--hiiullekoda-ifb.ee\/en\/"},{"@type":"ListItem","position":2,"name":"Privacy Policy"}]},{"@type":"WebSite","@id":"https:\/\/www.xn--hiiullekoda-ifb.ee\/en\/#website","url":"https:\/\/www.xn--hiiullekoda-ifb.ee\/en\/","name":"Hiiu \u00d5lle Koda","description":"","publisher":{"@id":"https:\/\/www.xn--hiiullekoda-ifb.ee\/en\/#organization"},"potentialAction":[{"@type":"SearchAction","target":{"@type":"EntryPoint","urlTemplate":"https:\/\/www.xn--hiiullekoda-ifb.ee\/en\/?s={search_term_string}"},"query-input":{"@type":"PropertyValueSpecification","valueRequired":true,"valueName":"search_term_string"}}],"inLanguage":"en-US"},{"@type":"Organization","@id":"https:\/\/www.xn--hiiullekoda-ifb.ee\/en\/#organization","name":"Hiiu \u00d5lle Koda","url":"https:\/\/www.xn--hiiullekoda-ifb.ee\/en\/","logo":{"@type":"ImageObject","inLanguage":"en-US","@id":"https:\/\/www.xn--hiiullekoda-ifb.ee\/en\/#\/schema\/logo\/image\/","url":"https:\/\/www.xn--hiiullekoda-ifb.ee\/wp-content\/uploads\/2022\/02\/logo.svg","contentUrl":"https:\/\/www.xn--hiiullekoda-ifb.ee\/wp-content\/uploads\/2022\/02\/logo.svg","width":186,"height":125,"caption":"Hiiu \u00d5lle Koda"},"image":{"@id":"https:\/\/www.xn--hiiullekoda-ifb.ee\/en\/#\/schema\/logo\/image\/"}}]}},"_links":{"self":[{"href":"https:\/\/www.xn--hiiullekoda-ifb.ee\/en\/wp-json\/wp\/v2\/pages\/2847","targetHints":{"allow":["GET"]}}],"collection":[{"href":"https:\/\/www.xn--hiiullekoda-ifb.ee\/en\/wp-json\/wp\/v2\/pages"}],"about":[{"href":"https:\/\/www.xn--hiiullekoda-ifb.ee\/en\/wp-json\/wp\/v2\/types\/page"}],"author":[{"embeddable":true,"href":"https:\/\/www.xn--hiiullekoda-ifb.ee\/en\/wp-json\/wp\/v2\/users\/1"}],"replies":[{"embeddable":true,"href":"https:\/\/www.xn--hiiullekoda-ifb.ee\/en\/wp-json\/wp\/v2\/comments?post=2847"}],"version-history":[{"count":7,"href":"https:\/\/www.xn--hiiullekoda-ifb.ee\/en\/wp-json\/wp\/v2\/pages\/2847\/revisions"}],"predecessor-version":[{"id":2854,"href":"https:\/\/www.xn--hiiullekoda-ifb.ee\/en\/wp-json\/wp\/v2\/pages\/2847\/revisions\/2854"}],"wp:attachment":[{"href":"https:\/\/www.xn--hiiullekoda-ifb.ee\/en\/wp-json\/wp\/v2\/media?parent=2847"}],"curies":[{"name":"wp","href":"https:\/\/api.w.org\/{rel}","templated":true}]}}