{"id":2346,"date":"2022-01-04T13:51:18","date_gmt":"2022-01-04T11:51:18","guid":{"rendered":"https:\/\/www.xn--hiiullekoda-ifb.ee\/my-account\/"},"modified":"2022-03-24T11:00:19","modified_gmt":"2022-03-24T09:00:19","slug":"my-account","status":"publish","type":"page","link":"https:\/\/www.xn--hiiullekoda-ifb.ee\/en\/my-account\/","title":{"rendered":"My Account"},"content":{"rendered":"\t\t<div data-elementor-type=\"wp-page\" data-elementor-id=\"2346\" class=\"elementor elementor-2346 elementor-613\" data-elementor-post-type=\"page\">\n\t\t\t\t\t\t<section class=\"elementor-section elementor-top-section elementor-element elementor-element-5774874c elementor-section-height-min-height elementor-section-items-stretch elementor-section-boxed elementor-section-height-default\" data-id=\"5774874c\" data-element_type=\"section\" data-e-type=\"section\" data-settings=\"{&quot;background_background&quot;:&quot;classic&quot;}\">\n\t\t\t\t\t\t<div class=\"elementor-container elementor-column-gap-default\">\n\t\t\t\t\t<div class=\"elementor-column elementor-col-100 elementor-top-column elementor-element elementor-element-395528d3\" data-id=\"395528d3\" data-element_type=\"column\" data-e-type=\"column\">\n\t\t\t<div class=\"elementor-widget-wrap elementor-element-populated\">\n\t\t\t\t\t\t<div class=\"elementor-element elementor-element-4a7c6152 elementor-widget elementor-widget-theme-site-logo elementor-widget-image\" data-id=\"4a7c6152\" data-element_type=\"widget\" data-e-type=\"widget\" data-widget_type=\"theme-site-logo.default\">\n\t\t\t\t<div class=\"elementor-widget-container\">\n\t\t\t\t\t\t\t\t\t\t\t<a href=\"https:\/\/www.xn--hiiullekoda-ifb.ee\/en\/\">\n\t\t\t<img decoding=\"async\" width=\"186\" height=\"125\" src=\"https:\/\/www.xn--hiiullekoda-ifb.ee\/wp-content\/uploads\/2022\/02\/logo.svg\" class=\"attachment-full size-full wp-image-2657\" alt=\"\" \/>\t\t\t\t<\/a>\n\t\t\t\t\t\t\t\t\t\t\t<\/div>\n\t\t\t\t<\/div>\n\t\t\t\t<div class=\"elementor-element elementor-element-4c89dac e-my-account-tabs-horizontal elementor-widget elementor-widget-woocommerce-my-account\" data-id=\"4c89dac\" data-element_type=\"widget\" data-e-type=\"widget\" data-widget_type=\"woocommerce-my-account.default\">\n\t\t\t\t<div class=\"elementor-widget-container\">\n\t\t\t\t\t<div class=\"e-my-account-tab e-my-account-tab__ \">\t\t\t<div class=\"woocommerce\"><div class=\"woocommerce-notices-wrapper\"><\/div>\n\n\t\t<h2>Login<\/h2>\n\n\t\t<form class=\"woocommerce-form woocommerce-form-login login\" method=\"post\" novalidate>\n\n\t\t\t\n\t\t\t<p class=\"woocommerce-form-row woocommerce-form-row--wide form-row form-row-wide\">\n\t\t\t\t<label for=\"username\">Username or email address&nbsp;<span class=\"required\" aria-hidden=\"true\">*<\/span><span class=\"screen-reader-text\">Required<\/span><\/label>\n\t\t\t\t<input type=\"text\" class=\"woocommerce-Input woocommerce-Input--text input-text\" name=\"username\" id=\"username\" autocomplete=\"username\" value=\"\" required aria-required=\"true\" \/>\t\t\t<\/p>\n\t\t\t<p class=\"woocommerce-form-row woocommerce-form-row--wide form-row form-row-wide\">\n\t\t\t\t<label for=\"password\">Password&nbsp;<span class=\"required\" aria-hidden=\"true\">*<\/span><span class=\"screen-reader-text\">Required<\/span><\/label>\n\t\t\t\t<input class=\"woocommerce-Input woocommerce-Input--text input-text\" type=\"password\" name=\"password\" id=\"password\" autocomplete=\"current-password\" required aria-required=\"true\" \/>\n\t\t\t<\/p>\n\n\t\t\t\n\t\t\t<p class=\"form-row\">\n\t\t\t\t<label class=\"woocommerce-form__label woocommerce-form__label-for-checkbox woocommerce-form-login__rememberme\">\n\t\t\t\t\t<input class=\"woocommerce-form__input woocommerce-form__input-checkbox\" name=\"rememberme\" type=\"checkbox\" id=\"rememberme\" value=\"forever\" \/> <span>Remember me<\/span>\n\t\t\t\t<\/label>\n\t\t\t\t<input type=\"hidden\" id=\"woocommerce-login-nonce\" name=\"woocommerce-login-nonce\" value=\"85a4cef468\" \/><input type=\"hidden\" name=\"_wp_http_referer\" value=\"\/en\/wp-json\/wp\/v2\/pages\/2346\" \/>\t\t\t\t<button type=\"submit\" class=\"woocommerce-button button woocommerce-form-login__submit\" name=\"login\" value=\"Log in\">Log in<\/button>\n\t\t\t<\/p>\n\t\t\t<p class=\"woocommerce-LostPassword lost_password\">\n\t\t\t\t<a href=\"https:\/\/www.xn--hiiullekoda-ifb.ee\/en\/my-account\/lost-password\/\">Lost your password?<\/a>\n\t\t\t<\/p>\n\n\t\t\t\n\t\t<\/form>\n\n\n<\/div>\t\t<\/div>\n\t\t\t\t\t\t<\/div>\n\t\t\t\t<\/div>\n\t\t\t\t\t<\/div>\n\t\t<\/div>\n\t\t\t\t\t<\/div>\n\t\t<\/section>\n\t\t\t\t<\/div>\n\t\t","protected":false},"excerpt":{"rendered":"<p>Login Username or email address&nbsp;*Required Password&nbsp;*Required Remember me Log in Lost your password? Dashboard Orders Addresses Account information Log out Dashboard Orders Addresses Account information Log out Dashboard Orders Addresses Account information Log out Tere Nobel Digital (pole Nobel Digital? Logi v\u00e4lja) Oma konto t\u00f6\u00f6laualt n\u00e4ed enda hiljutisi tellimusi, saad hallata enda tarne ja maksmise [&hellip;]<\/p>\n","protected":false},"author":1,"featured_media":0,"parent":0,"menu_order":0,"comment_status":"closed","ping_status":"closed","template":"","meta":{"footnotes":""},"class_list":["post-2346","page","type-page","status-publish","hentry"],"yoast_head":"<!-- This site is optimized with the Yoast SEO plugin v27.2 - https:\/\/yoast.com\/product\/yoast-seo-wordpress\/ -->\n<title>My Account - Hiiu \u00d5lle Koda<\/title>\n<meta name=\"robots\" content=\"index, follow, max-snippet:-1, max-image-preview:large, max-video-preview:-1\" \/>\n<link rel=\"canonical\" href=\"https:\/\/www.xn--hiiullekoda-ifb.ee\/en\/my-account\/\" \/>\n<meta property=\"og:locale\" content=\"en_US\" \/>\n<meta property=\"og:type\" content=\"article\" \/>\n<meta property=\"og:title\" content=\"My Account - Hiiu \u00d5lle Koda\" \/>\n<meta property=\"og:description\" content=\"Login Username or email address&nbsp;*Required Password&nbsp;*Required Remember me Log in Lost your password? Dashboard Orders Addresses Account information Log out Dashboard Orders Addresses Account information Log out Dashboard Orders Addresses Account information Log out Tere Nobel Digital (pole Nobel Digital? Logi v\u00e4lja) Oma konto t\u00f6\u00f6laualt n\u00e4ed enda hiljutisi tellimusi, saad hallata enda tarne ja maksmise [&hellip;]\" \/>\n<meta property=\"og:url\" content=\"https:\/\/www.xn--hiiullekoda-ifb.ee\/en\/my-account\/\" \/>\n<meta property=\"og:site_name\" content=\"Hiiu \u00d5lle Koda\" \/>\n<meta property=\"article:modified_time\" content=\"2022-03-24T09:00:19+00:00\" \/>\n<meta name=\"twitter:card\" content=\"summary_large_image\" \/>\n<script type=\"application\/ld+json\" class=\"yoast-schema-graph\">{\"@context\":\"https:\/\/schema.org\",\"@graph\":[{\"@type\":\"WebPage\",\"@id\":\"https:\/\/www.xn--hiiullekoda-ifb.ee\/en\/my-account\/\",\"url\":\"https:\/\/www.xn--hiiullekoda-ifb.ee\/en\/my-account\/\",\"name\":\"My Account - Hiiu \u00d5lle Koda\",\"isPartOf\":{\"@id\":\"https:\/\/www.xn--hiiullekoda-ifb.ee\/en\/#website\"},\"datePublished\":\"2022-01-04T11:51:18+00:00\",\"dateModified\":\"2022-03-24T09:00:19+00:00\",\"breadcrumb\":{\"@id\":\"https:\/\/www.xn--hiiullekoda-ifb.ee\/en\/my-account\/#breadcrumb\"},\"inLanguage\":\"en-US\",\"potentialAction\":[{\"@type\":\"ReadAction\",\"target\":[\"https:\/\/www.xn--hiiullekoda-ifb.ee\/en\/my-account\/\"]}]},{\"@type\":\"BreadcrumbList\",\"@id\":\"https:\/\/www.xn--hiiullekoda-ifb.ee\/en\/my-account\/#breadcrumb\",\"itemListElement\":[{\"@type\":\"ListItem\",\"position\":1,\"name\":\"Home\",\"item\":\"https:\/\/www.xn--hiiullekoda-ifb.ee\/en\/\"},{\"@type\":\"ListItem\",\"position\":2,\"name\":\"My Account\"}]},{\"@type\":\"WebSite\",\"@id\":\"https:\/\/www.xn--hiiullekoda-ifb.ee\/en\/#website\",\"url\":\"https:\/\/www.xn--hiiullekoda-ifb.ee\/en\/\",\"name\":\"Hiiu \u00d5lle Koda\",\"description\":\"\",\"publisher\":{\"@id\":\"https:\/\/www.xn--hiiullekoda-ifb.ee\/en\/#organization\"},\"potentialAction\":[{\"@type\":\"SearchAction\",\"target\":{\"@type\":\"EntryPoint\",\"urlTemplate\":\"https:\/\/www.xn--hiiullekoda-ifb.ee\/en\/?s={search_term_string}\"},\"query-input\":{\"@type\":\"PropertyValueSpecification\",\"valueRequired\":true,\"valueName\":\"search_term_string\"}}],\"inLanguage\":\"en-US\"},{\"@type\":\"Organization\",\"@id\":\"https:\/\/www.xn--hiiullekoda-ifb.ee\/en\/#organization\",\"name\":\"Hiiu \u00d5lle Koda\",\"url\":\"https:\/\/www.xn--hiiullekoda-ifb.ee\/en\/\",\"logo\":{\"@type\":\"ImageObject\",\"inLanguage\":\"en-US\",\"@id\":\"https:\/\/www.xn--hiiullekoda-ifb.ee\/en\/#\/schema\/logo\/image\/\",\"url\":\"https:\/\/www.xn--hiiullekoda-ifb.ee\/wp-content\/uploads\/2022\/02\/logo.svg\",\"contentUrl\":\"https:\/\/www.xn--hiiullekoda-ifb.ee\/wp-content\/uploads\/2022\/02\/logo.svg\",\"width\":186,\"height\":125,\"caption\":\"Hiiu \u00d5lle Koda\"},\"image\":{\"@id\":\"https:\/\/www.xn--hiiullekoda-ifb.ee\/en\/#\/schema\/logo\/image\/\"}}]}<\/script>\n<!-- \/ Yoast SEO plugin. -->","yoast_head_json":{"title":"My Account - Hiiu \u00d5lle Koda","robots":{"index":"index","follow":"follow","max-snippet":"max-snippet:-1","max-image-preview":"max-image-preview:large","max-video-preview":"max-video-preview:-1"},"canonical":"https:\/\/www.xn--hiiullekoda-ifb.ee\/en\/my-account\/","og_locale":"en_US","og_type":"article","og_title":"My Account - Hiiu \u00d5lle Koda","og_description":"Login Username or email address&nbsp;*Required Password&nbsp;*Required Remember me Log in Lost your password? Dashboard Orders Addresses Account information Log out Dashboard Orders Addresses Account information Log out Dashboard Orders Addresses Account information Log out Tere Nobel Digital (pole Nobel Digital? Logi v\u00e4lja) Oma konto t\u00f6\u00f6laualt n\u00e4ed enda hiljutisi tellimusi, saad hallata enda tarne ja maksmise [&hellip;]","og_url":"https:\/\/www.xn--hiiullekoda-ifb.ee\/en\/my-account\/","og_site_name":"Hiiu \u00d5lle Koda","article_modified_time":"2022-03-24T09:00:19+00:00","twitter_card":"summary_large_image","schema":{"@context":"https:\/\/schema.org","@graph":[{"@type":"WebPage","@id":"https:\/\/www.xn--hiiullekoda-ifb.ee\/en\/my-account\/","url":"https:\/\/www.xn--hiiullekoda-ifb.ee\/en\/my-account\/","name":"My Account - Hiiu \u00d5lle Koda","isPartOf":{"@id":"https:\/\/www.xn--hiiullekoda-ifb.ee\/en\/#website"},"datePublished":"2022-01-04T11:51:18+00:00","dateModified":"2022-03-24T09:00:19+00:00","breadcrumb":{"@id":"https:\/\/www.xn--hiiullekoda-ifb.ee\/en\/my-account\/#breadcrumb"},"inLanguage":"en-US","potentialAction":[{"@type":"ReadAction","target":["https:\/\/www.xn--hiiullekoda-ifb.ee\/en\/my-account\/"]}]},{"@type":"BreadcrumbList","@id":"https:\/\/www.xn--hiiullekoda-ifb.ee\/en\/my-account\/#breadcrumb","itemListElement":[{"@type":"ListItem","position":1,"name":"Home","item":"https:\/\/www.xn--hiiullekoda-ifb.ee\/en\/"},{"@type":"ListItem","position":2,"name":"My Account"}]},{"@type":"WebSite","@id":"https:\/\/www.xn--hiiullekoda-ifb.ee\/en\/#website","url":"https:\/\/www.xn--hiiullekoda-ifb.ee\/en\/","name":"Hiiu \u00d5lle Koda","description":"","publisher":{"@id":"https:\/\/www.xn--hiiullekoda-ifb.ee\/en\/#organization"},"potentialAction":[{"@type":"SearchAction","target":{"@type":"EntryPoint","urlTemplate":"https:\/\/www.xn--hiiullekoda-ifb.ee\/en\/?s={search_term_string}"},"query-input":{"@type":"PropertyValueSpecification","valueRequired":true,"valueName":"search_term_string"}}],"inLanguage":"en-US"},{"@type":"Organization","@id":"https:\/\/www.xn--hiiullekoda-ifb.ee\/en\/#organization","name":"Hiiu \u00d5lle Koda","url":"https:\/\/www.xn--hiiullekoda-ifb.ee\/en\/","logo":{"@type":"ImageObject","inLanguage":"en-US","@id":"https:\/\/www.xn--hiiullekoda-ifb.ee\/en\/#\/schema\/logo\/image\/","url":"https:\/\/www.xn--hiiullekoda-ifb.ee\/wp-content\/uploads\/2022\/02\/logo.svg","contentUrl":"https:\/\/www.xn--hiiullekoda-ifb.ee\/wp-content\/uploads\/2022\/02\/logo.svg","width":186,"height":125,"caption":"Hiiu \u00d5lle Koda"},"image":{"@id":"https:\/\/www.xn--hiiullekoda-ifb.ee\/en\/#\/schema\/logo\/image\/"}}]}},"_links":{"self":[{"href":"https:\/\/www.xn--hiiullekoda-ifb.ee\/en\/wp-json\/wp\/v2\/pages\/2346","targetHints":{"allow":["GET"]}}],"collection":[{"href":"https:\/\/www.xn--hiiullekoda-ifb.ee\/en\/wp-json\/wp\/v2\/pages"}],"about":[{"href":"https:\/\/www.xn--hiiullekoda-ifb.ee\/en\/wp-json\/wp\/v2\/types\/page"}],"author":[{"embeddable":true,"href":"https:\/\/www.xn--hiiullekoda-ifb.ee\/en\/wp-json\/wp\/v2\/users\/1"}],"replies":[{"embeddable":true,"href":"https:\/\/www.xn--hiiullekoda-ifb.ee\/en\/wp-json\/wp\/v2\/comments?post=2346"}],"version-history":[{"count":2,"href":"https:\/\/www.xn--hiiullekoda-ifb.ee\/en\/wp-json\/wp\/v2\/pages\/2346\/revisions"}],"predecessor-version":[{"id":2812,"href":"https:\/\/www.xn--hiiullekoda-ifb.ee\/en\/wp-json\/wp\/v2\/pages\/2346\/revisions\/2812"}],"wp:attachment":[{"href":"https:\/\/www.xn--hiiullekoda-ifb.ee\/en\/wp-json\/wp\/v2\/media?parent=2346"}],"curies":[{"name":"wp","href":"https:\/\/api.w.org\/{rel}","templated":true}]}}